{"id":13822,"date":"2024-02-19T15:11:58","date_gmt":"2024-02-19T14:11:58","guid":{"rendered":"https:\/\/usefizzy.com\/mere-om-cookies\/"},"modified":"2025-01-23T18:29:54","modified_gmt":"2025-01-23T17:29:54","slug":"mere-om-cookies","status":"publish","type":"page","link":"https:\/\/usefizzy.com\/da\/mere-om-cookies\/","title":{"rendered":"Mere om cookies"},"content":{"rendered":"<div class=\"wpb-content-wrapper\"><p>[vc_row][vc_column css=&#8221;.vc_custom_1708346708006{margin-top: 30px !important;}&#8221; woodmart_css_id=&#8221;65d34d471d0d1&#8243; parallax_scroll=&#8221;no&#8221; woodmart_sticky_column=&#8221;false&#8221; wd_collapsible_content_switcher=&#8221;no&#8221; wd_column_role_offcanvas_desktop=&#8221;no&#8221; wd_column_role_offcanvas_tablet=&#8221;no&#8221; wd_column_role_offcanvas_mobile=&#8221;no&#8221; wd_column_role_content_desktop=&#8221;no&#8221; wd_column_role_content_tablet=&#8221;no&#8221; wd_column_role_content_mobile=&#8221;no&#8221; mobile_bg_img_hidden=&#8221;no&#8221; tablet_bg_img_hidden=&#8221;no&#8221; woodmart_parallax=&#8221;0&#8243; woodmart_box_shadow=&#8221;no&#8221; responsive_spacing=&#8221;eyJwYXJhbV90eXBlIjoid29vZG1hcnRfcmVzcG9uc2l2ZV9zcGFjaW5nIiwic2VsZWN0b3JfaWQiOiI2NWQzNGQ0NzFkMGQxIiwic2hvcnRjb2RlIjoidmNfY29sdW1uIiwiZGF0YSI6eyJ0YWJsZXQiOnt9LCJtb2JpbGUiOnt9fX0=&#8221; mobile_reset_margin=&#8221;no&#8221; tablet_reset_margin=&#8221;no&#8221; wd_z_index=&#8221;no&#8221;]\n\t\t<div id=\"wd-65d3619c4450f\" class=\"title-wrapper wd-wpb wd-set-mb reset-last-child  wd-rs-65d3619c4450f wd-title-color-default wd-title-style-default text-center  wd-underline-colored\">\n\t\t\t\n\t\t\t<div class=\"liner-continer\">\n\t\t\t\t<h4 class=\"woodmart-title-container title  wd-font-weight- wd-fontsize-l\" >Mere om cookies<\/h4>\n\t\t\t\t\t\t\t<\/div>\n\t\t\t\n\t\t\t\n\t\t\t\n\t\t<\/div>\n\t\t\n\t\t[\/vc_column][\/vc_row][vc_row][vc_column width=&#8221;1\/2&#8243;][vc_single_image image=&#8221;13374&#8243; img_size=&#8221;full&#8221; parallax_scroll=&#8221;no&#8221; woodmart_inline=&#8221;no&#8221; css=&#8221;.vc_custom_1708351802229{border-radius: 10px !important;}&#8221;][\/vc_column][vc_column width=&#8221;1\/2&#8243;][vc_column_text woodmart_inline=&#8221;no&#8221; text_larger=&#8221;no&#8221;]<\/p>\n<p><strong>Hvad er en cookie?<\/strong><br \/>En cookie er en lille tekstfil, som vi gemmer p\u00e5 din computer for at kunne holde styr p\u00e5, hvad der sker under dit bes\u00f8g, og for at kunne genkende computeren. En cookie indeholder kun tekst, er ikke et program og indeholder ikke virus.<\/p>\n<p><strong>Hjemmesidens brug af cookies<\/strong><br \/> Cookies er n\u00f8dvendige for at hjemmesiden kan fungere. Cookies hj\u00e6lper os ogs\u00e5 med at f\u00e5 et overblik over dit bes\u00f8g p\u00e5 hjemmesiden, s\u00e5 vi l\u00f8bende kan optimere og m\u00e5lrette hjemmesiden til dine behov og interesser. Cookies husker fx, hvad du har lagt i en eventuel indk\u00f8bskurv, om du tidligere har bes\u00f8gt siden, om du er logget ind og hvilket sprog og valuta du gerne vil have vist p\u00e5 hjemmesiden. Vi bruger ogs\u00e5 cookies til at m\u00e5lrette vores annoncer til dig p\u00e5 andre websteder. Overordnet set bruges cookies s\u00e5ledes som en del af vores service til at vise indhold, der er s\u00e5 relevant som muligt for dig. Her er oversigten over hjemmesidens brug af cookies, og vores samarbejdspartnere i den forbindelse:<\/p>\n<p>[\/vc_column_text][\/vc_column][\/vc_row][vc_row css_animation=&#8221;wd-slide-from-bottom&#8221; woodmart_css_id=&#8221;65d34cb9eef40&#8243; responsive_spacing=&#8221;eyJwYXJhbV90eXBlIjoid29vZG1hcnRfcmVzcG9uc2l2ZV9zcGFjaW5nIiwic2VsZWN0b3JfaWQiOiI2NWQzNGNiOWVlZjQwIiwic2hvcnRjb2RlIjoidmNfcm93IiwiZGF0YSI6eyJ0YWJsZXQiOnt9LCJtb2JpbGUiOnt9fX0=&#8221; mobile_bg_img_hidden=&#8221;no&#8221; tablet_bg_img_hidden=&#8221;no&#8221; woodmart_parallax=&#8221;0&#8243; woodmart_gradient_switch=&#8221;no&#8221; woodmart_box_shadow=&#8221;no&#8221; wd_z_index=&#8221;no&#8221; woodmart_disable_overflow=&#8221;0&#8243; row_reverse_mobile=&#8221;0&#8243; row_reverse_tablet=&#8221;0&#8243;][vc_column][vc_column_text woodmart_inline=&#8221;no&#8221; text_larger=&#8221;no&#8221;]<\/p>\n\n<p><strong>How to reject or delete your cookies<\/strong><br\/>Rejection of cookies: You can always reject cookies on your computer by changing the settings in your Internet browser. Where you find the settings depends on which browser you use. However, you should be aware that if you do so, there are many functions and services you cannot use, because these functions and services require the website to remember the choices you make.<br\/>You can opt out of cookies from Google Analytics here.<br\/>It is possible to opt out of some ad networks that share information across different networks here.<\/p>\n<p><strong>Deleting cookies:<\/strong> Cookies that you have previously accepted can subsequently be deleted easily. If you use a PC\/computer with a newer Internet browser, you can delete your cookies by using the shortcut keys:<br\/>CTRL + SHIFT + Delete. If the hotkeys do not work and\/or you are using a MAC, you must start by finding out which browser you are using and then click on the relevant link:<br\/>Remember: If you use several Internet browsers, you must delete cookies in all of them.<br\/>Internet Explorer<br\/>Mozilla Firefox<br\/>Google Chrome<br\/>Opera<br\/>Safari<br\/>Flash cookies (all browsers)<br\/>iPhone, iPad and more from Apple<br\/>Phones with Android operating system<br\/>Phones with Windows 7<br\/>Remember: If you use several Internet browsers, you must delete cookies in all of them.<\/p>\n<p><strong>Do you have questions?<\/strong><br\/>If you have comments or questions in connection with our information and\/or processing of personal information, please feel free to contact us. The cookie declaration itself is provided by Cookie Information and if you have any questions about it, write to info@cookieinformation.dk.<\/p>\n<p>[\/vc_column_text][\/vc_column][\/vc_row]<\/p>\n<\/div>","protected":false},"excerpt":{"rendered":"<p>[vc_row][vc_column css=&#8221;.vc_custom_1708346708006{margin-top: 30px !important;}&#8221; woodmart_css_id=&#8221;65d34d471d0d1&#8243; parallax_scroll=&#8221;no&#8221; woodmart_sticky_column=&#8221;false&#8221; wd_collapsible_content_switcher=&#8221;no&#8221; wd_column_role_offcanvas_desktop=&#8221;no&#8221; wd_column_role_offcanvas_tablet=&#8221;no&#8221; wd_column_role_offcanvas_mobile=&#8221;no&#8221; wd_column_role_content_desktop=&#8221;no&#8221; wd_column_role_content_tablet=&#8221;no&#8221; wd_column_role_content_mobile=&#8221;no&#8221; mobile_bg_img_hidden=&#8221;no&#8221; tablet_bg_img_hidden=&#8221;no&#8221; woodmart_parallax=&#8221;0&#8243; woodmart_box_shadow=&#8221;no&#8221; responsive_spacing=&#8221;eyJwYXJhbV90eXBlIjoid29vZG1hcnRfcmVzcG9uc2l2ZV9zcGFjaW5nIiwic2VsZWN0b3JfaWQiOiI2NWQzNGQ0NzFkMGQxIiwic2hvcnRjb2RlIjoidmNfY29sdW1uIiwiZGF0YSI6eyJ0YWJsZXQiOnt9LCJtb2JpbGUiOnt9fX0=&#8221; mobile_reset_margin=&#8221;no&#8221;<\/p>\n","protected":false},"author":1,"featured_media":0,"parent":0,"menu_order":0,"comment_status":"closed","ping_status":"closed","template":"","meta":{"footnotes":""},"class_list":["post-13822","page","type-page","status-publish","hentry"],"_links":{"self":[{"href":"https:\/\/usefizzy.com\/da\/wp-json\/wp\/v2\/pages\/13822","targetHints":{"allow":["GET"]}}],"collection":[{"href":"https:\/\/usefizzy.com\/da\/wp-json\/wp\/v2\/pages"}],"about":[{"href":"https:\/\/usefizzy.com\/da\/wp-json\/wp\/v2\/types\/page"}],"author":[{"embeddable":true,"href":"https:\/\/usefizzy.com\/da\/wp-json\/wp\/v2\/users\/1"}],"replies":[{"embeddable":true,"href":"https:\/\/usefizzy.com\/da\/wp-json\/wp\/v2\/comments?post=13822"}],"version-history":[{"count":0,"href":"https:\/\/usefizzy.com\/da\/wp-json\/wp\/v2\/pages\/13822\/revisions"}],"wp:attachment":[{"href":"https:\/\/usefizzy.com\/da\/wp-json\/wp\/v2\/media?parent=13822"}],"curies":[{"name":"wp","href":"https:\/\/api.w.org\/{rel}","templated":true}]}}