{"id":13497,"date":"2024-02-13T13:36:25","date_gmt":"2024-02-13T12:36:25","guid":{"rendered":"https:\/\/usefizzy.com\/ota-yhteytta-fizzy-pos-raataloity\/"},"modified":"2024-02-25T17:50:16","modified_gmt":"2024-02-25T16:50:16","slug":"ota-yhteytta-fizzy-pos-raataloity","status":"publish","type":"page","link":"https:\/\/usefizzy.com\/fi\/ota-yhteytta-fizzy-pos-raataloity\/","title":{"rendered":"Ota yhteytt\u00e4 &#8211; Fizzy Pos R\u00e4\u00e4t\u00e4l\u00f6ity"},"content":{"rendered":"<div class=\"wpb-content-wrapper\"><p>[vc_row equal_height=&#8221;yes&#8221; css_animation=&#8221;none&#8221; css=&#8221;.vc_custom_1496926452255{margin-right: -50px !important;margin-left: -50px !important;}&#8221;][vc_column css=&#8221;.vc_custom_1496927710186{border-right-width: 1px !important;padding-top: 20px !important;padding-right: 50px !important;padding-bottom: 10px !important;padding-left: 50px !important;border-right-color: #e8e8e8 !important;border-right-style: solid !important;}&#8221; offset=&#8221;vc_col-lg-6 vc_col-md-6&#8243;]\n\t\t<div id=\"wd-65a03d33e8fc0\" class=\"title-wrapper wd-wpb wd-set-mb reset-last-child  wd-rs-65a03d33e8fc0 wd-title-color-default wd-title-style-default text-left  wd-underline-colored\">\n\t\t\t\n\t\t\t<div class=\"liner-continer\">\n\t\t\t\t<h4 class=\"woodmart-title-container title  wd-font-weight- wd-fontsize-l\" ><u>Ota yhteytt\u00e4<\/u>!<\/h4>\n\t\t\t\t\t\t\t<\/div>\n\t\t\t\n\t\t\t\n\t\t\t\n\t\t<\/div>\n\t\t\n\t\t[vc_column_text woodmart_inline=&#8221;no&#8221; text_larger=&#8221;no&#8221;]Saat puhelun\/s\u00e4hk\u00f6postin asiakaspalvelusta tai <u>Fizzy-myyj\u00e4lt\u00e4<\/u>.<br \/>\nT\u00e4yt\u00e4 lomake &#8211; ja me kirjoitamme tai otamme sinuun yhteytt\u00e4.<\/p>\n<p>Sin\u00e4 <u>p\u00e4\u00e4t\u00e4t<\/u> miten ja milloin \ud83d\ude42<\/p>\n<p>Voit varata ajan toimistomme aukioloaikoina, joka arkip\u00e4iv\u00e4 klo <u>09:00-14:<\/u>00.[\/vc_column_text][vc_single_image image=&#8221;13293&#8243; img_size=&#8221;full&#8221; alignment=&#8221;center&#8221; css_animation=&#8221;wd-slide-from-bottom&#8221; parallax_scroll=&#8221;no&#8221; woodmart_inline=&#8221;no&#8221;][\/vc_column][vc_column css=&#8221;.vc_custom_1496927688909{padding-top: 20px !important;padding-right: 50px !important;padding-bottom: 10px !important;padding-left: 50px !important;}&#8221; offset=&#8221;vc_col-lg-6 vc_col-md-6&#8243;]\n\t\t<div id=\"wd-65a03c8442bda\" class=\"title-wrapper wd-wpb wd-set-mb reset-last-child  wd-rs-65a03c8442bda wd-title-color-default wd-title-style-default text-left  wd-underline-colored\">\n\t\t\t\n\t\t\t<div class=\"liner-continer\">\n\t\t\t\t<h4 class=\"woodmart-title-container title  wd-font-weight- wd-fontsize-l\" >T\u00e4yt\u00e4 alla oleva lomake.<br \/>\nYksi <u>asiantuntijoistamme<\/u> ottaa sinuun yhteytt\u00e4 mahdollisimman pian!<\/h4>\n\t\t\t\t\t\t\t<\/div>\n\t\t\t\n\t\t\t\n\t\t\t\n\t\t<\/div>\n\t\t\n\t\t\n<div class=\"wpcf7 no-js\" id=\"wpcf7-f13280-o1\" lang=\"en-US\" dir=\"ltr\" data-wpcf7-id=\"13280\">\n<div class=\"screen-reader-response\"><p role=\"status\" aria-live=\"polite\" aria-atomic=\"true\"><\/p> <ul><\/ul><\/div>\n<form action=\"\/fi\/wp-json\/wp\/v2\/pages\/13497#wpcf7-f13280-o1\" method=\"post\" class=\"wpcf7-form init\" aria-label=\"Contact form\" novalidate=\"novalidate\" data-status=\"init\">\n<fieldset class=\"hidden-fields-container\"><input type=\"hidden\" name=\"_wpcf7\" value=\"13280\" \/><input type=\"hidden\" name=\"_wpcf7_version\" value=\"6.1.5\" \/><input type=\"hidden\" name=\"_wpcf7_locale\" value=\"en_US\" \/><input type=\"hidden\" name=\"_wpcf7_unit_tag\" value=\"wpcf7-f13280-o1\" \/><input type=\"hidden\" name=\"_wpcf7_container_post\" value=\"0\" \/><input type=\"hidden\" name=\"_wpcf7_posted_data_hash\" value=\"\" \/><input type=\"hidden\" name=\"_wpcf7_recaptcha_response\" value=\"\" \/>\n<\/fieldset>\n<div class=\"row\">\n\t<p class=\"col-md-6\"><label>Your Name<\/label><span class=\"wpcf7-form-control-wrap\" data-name=\"your-name\"><input size=\"40\" maxlength=\"400\" class=\"wpcf7-form-control wpcf7-text wpcf7-validates-as-required\" aria-required=\"true\" aria-invalid=\"false\" value=\"\" type=\"text\" name=\"your-name\" \/><\/span>\n\t<\/p>\n\t<p class=\"col-md-6\"><label>Your Email<\/label><span class=\"wpcf7-form-control-wrap\" data-name=\"your-email\"><input size=\"40\" maxlength=\"400\" class=\"wpcf7-form-control wpcf7-email wpcf7-validates-as-required wpcf7-text wpcf7-validates-as-email\" aria-required=\"true\" aria-invalid=\"false\" value=\"\" type=\"email\" name=\"your-email\" \/><\/span>\n\t<\/p>\n<\/div>\n<div class=\"row\">\n\t<p class=\"col-md-6\"><label>Phone Number<\/label><span class=\"wpcf7-form-control-wrap\" data-name=\"tel\"><input size=\"40\" maxlength=\"400\" class=\"wpcf7-form-control wpcf7-tel wpcf7-validates-as-required wpcf7-text wpcf7-validates-as-tel\" aria-required=\"true\" aria-invalid=\"false\" value=\"\" type=\"tel\" name=\"tel\" \/><\/span>\n\t<\/p>\n\t<p class=\"col-md-6\"><label>Company<\/label><span class=\"wpcf7-form-control-wrap\" data-name=\"company\"><input size=\"40\" maxlength=\"400\" class=\"wpcf7-form-control wpcf7-text\" aria-invalid=\"false\" value=\"\" type=\"text\" name=\"company\" \/><\/span>\n\t<\/p>\n<\/div>\n<div class=\"row\">\n\t<p class=\"col-md-6\">Please contact me about Fizzy Pos - Custom pack\n\t<\/p>\n\t<p class=\"col-md-6\"><label>Department<span class=\"wpcf7-form-control-wrap\" data-name=\"department\"><select class=\"wpcf7-form-control wpcf7-select wpcf7-validates-as-required\" aria-required=\"true\" aria-invalid=\"false\" name=\"department\"><option value=\"\">&#8212;Please choose an option&#8212;<\/option><option value=\"Presale\">Presale<\/option><option value=\"Aftersale\">Aftersale<\/option><option value=\"Technical support\">Technical support<\/option><\/select><\/span><\/label>\n\t<\/p>\n<\/div>\n<p><label>Contac me via<\/label><span class=\"wpcf7-form-control-wrap\" data-name=\"via\"><select class=\"wpcf7-form-control wpcf7-select wpcf7-validates-as-required\" aria-required=\"true\" aria-invalid=\"false\" name=\"via\"><option value=\"\">&#8212;Please choose an option&#8212;<\/option><option value=\"My phone number\">My phone number<\/option><option value=\"My email\">My email<\/option><option value=\"Just one of them\">Just one of them<\/option><\/select><\/span>\n<\/p>\n<p><label>When are you available?<\/label><span class=\"wpcf7-form-control-wrap\" data-name=\"your-message\"><textarea cols=\"40\" rows=\"10\" maxlength=\"2000\" class=\"wpcf7-form-control wpcf7-textarea\" aria-invalid=\"false\" name=\"your-message\"><\/textarea><\/span>\n<\/p>\n<p><input class=\"wpcf7-form-control wpcf7-submit has-spinner form_submit_btn\" type=\"submit\" value=\"Call me up\" \/>\n<\/p>\n<div id=\"cf7sr-69f23c0177847\" class=\"cf7sr-g-recaptcha\" data-theme=\"light\" data-type=\"image\" data-size=\"normal\" data-sitekey=\"6Le3OV0pAAAAAAKn8tX0CGoxXMNbsBzihIS_AYiO\"><\/div><span class=\"wpcf7-form-control-wrap cf7sr-recaptcha\" data-name=\"cf7sr-recaptcha\"><input type=\"hidden\" name=\"cf7sr-recaptcha\" value=\"\" class=\"wpcf7-form-control\"><\/span>\n<\/p><div class=\"wpcf7-response-output\" aria-hidden=\"true\"><\/div>\n<\/form>\n<\/div>\n[\/vc_column][\/vc_row]<\/p>\n<\/div>","protected":false},"excerpt":{"rendered":"<p>[vc_row equal_height=&#8221;yes&#8221; css_animation=&#8221;none&#8221; css=&#8221;.vc_custom_1496926452255{margin-right: -50px !important;margin-left: -50px !important;}&#8221;][vc_column css=&#8221;.vc_custom_1496927710186{border-right-width: 1px !important;padding-top: 20px !important;padding-right: 50px !important;padding-bottom: 10px !important;padding-left: 50px !important;border-right-color: #e8e8e8<\/p>\n","protected":false},"author":1,"featured_media":0,"parent":0,"menu_order":0,"comment_status":"closed","ping_status":"closed","template":"","meta":{"footnotes":""},"class_list":["post-13497","page","type-page","status-publish","hentry"],"_links":{"self":[{"href":"https:\/\/usefizzy.com\/fi\/wp-json\/wp\/v2\/pages\/13497","targetHints":{"allow":["GET"]}}],"collection":[{"href":"https:\/\/usefizzy.com\/fi\/wp-json\/wp\/v2\/pages"}],"about":[{"href":"https:\/\/usefizzy.com\/fi\/wp-json\/wp\/v2\/types\/page"}],"author":[{"embeddable":true,"href":"https:\/\/usefizzy.com\/fi\/wp-json\/wp\/v2\/users\/1"}],"replies":[{"embeddable":true,"href":"https:\/\/usefizzy.com\/fi\/wp-json\/wp\/v2\/comments?post=13497"}],"version-history":[{"count":0,"href":"https:\/\/usefizzy.com\/fi\/wp-json\/wp\/v2\/pages\/13497\/revisions"}],"wp:attachment":[{"href":"https:\/\/usefizzy.com\/fi\/wp-json\/wp\/v2\/media?parent=13497"}],"curies":[{"name":"wp","href":"https:\/\/api.w.org\/{rel}","templated":true}]}}