{"id":13824,"date":"2024-02-19T15:11:58","date_gmt":"2024-02-19T14:11:58","guid":{"rendered":"https:\/\/usefizzy.com\/mer-om-informasjonskapsler\/"},"modified":"2025-01-23T18:29:54","modified_gmt":"2025-01-23T17:29:54","slug":"mer-om-informasjonskapsler","status":"publish","type":"page","link":"https:\/\/usefizzy.com\/no\/mer-om-informasjonskapsler\/","title":{"rendered":"Mer om informasjonskapsler"},"content":{"rendered":"<div class=\"wpb-content-wrapper\"><p>[vc_row][vc_column css=&raquo;.vc_custom_1708346708006{margin-top: 30px !important;}&raquo; woodmart_css_id=&raquo;65d34d471d0d1&#8243; parallax_scroll=&raquo;no&raquo; woodmart_sticky_column=&raquo;false&raquo; wd_collapsible_content_switcher=&raquo;no&raquo; wd_column_role_offcanvas_desktop=&raquo;no&raquo; wd_column_role_offcanvas_tablet=&raquo;no&raquo; wd_column_role_offcanvas_mobile=&raquo;no&raquo; wd_column_role_content_desktop=&raquo;no&raquo; wd_column_role_content_tablet=&raquo;no&raquo; wd_column_role_content_mobile=&raquo;no&raquo; mobile_bg_img_hidden=&raquo;no&raquo; tablet_bg_img_hidden=&raquo;no&raquo; woodmart_parallax=&raquo;0&#8243; woodmart_box_shadow=&raquo;no&raquo; responsive_spacing=&raquo;eyJwYXJhbV90eXBlIjoid29vZG1hcnRfcmVzcG9uc2l2ZV9zcGFjaW5nIiwic2VsZWN0b3JfaWQiOiI2NWQzNGQ0NzFkMGQxIiwic2hvcnRjb2RlIjoidmNfY29sdW1uIiwiZGF0YSI6eyJ0YWJsZXQiOnt9LCJtb2JpbGUiOnt9fX0=&raquo; mobile_reset_margin=&raquo;no&raquo; tablet_reset_margin=&raquo;no&raquo; wd_z_index=&raquo;no&raquo;]\n\t\t<div id=\"wd-65d3619c4450f\" class=\"title-wrapper wd-wpb wd-set-mb reset-last-child  wd-rs-65d3619c4450f wd-title-color-default wd-title-style-default text-center  wd-underline-colored\">\n\t\t\t\n\t\t\t<div class=\"liner-continer\">\n\t\t\t\t<h4 class=\"woodmart-title-container title  wd-font-weight- wd-fontsize-l\" >Mer om informasjonskapsler<\/h4>\n\t\t\t\t\t\t\t<\/div>\n\t\t\t\n\t\t\t\n\t\t\t\n\t\t<\/div>\n\t\t\n\t\t[\/vc_column][\/vc_row][vc_row][vc_column width=&raquo;1\/2&#8243;][vc_single_image image=&raquo;13374&#8243; img_size=&raquo;full&raquo; parallax_scroll=&raquo;no&raquo; woodmart_inline=&raquo;no&raquo; css=&raquo;.vc_custom_1708351802229{border-radius: 10px !important;}&raquo;][\/vc_column][vc_column width=&raquo;1\/2&#8243;][vc_column_text woodmart_inline=&raquo;no&raquo; text_larger=&raquo;no&raquo;]<\/p>\n<p><strong>Hva er en informasjonskapsel?<\/strong><br \/>En informasjonskapsel er en liten tekstfil som vi lagrer p\u00e5 datamaskinen din for \u00e5 holde styr p\u00e5 hva som skjer under bes\u00f8ket ditt og for \u00e5 kunne gjenkjenne datamaskinen. En informasjonskapsel inneholder kun tekst, er ikke et program og inneholder ikke virus.<\/p>\n<p><strong>Nettstedets bruk av informasjonskapsler<\/strong><br \/> Informasjonskapsler er n\u00f8dvendige for at nettstedet skal fungere. Informasjonskapsler hjelper oss ogs\u00e5 med \u00e5 f\u00e5 oversikt over ditt bes\u00f8k p\u00e5 nettsiden, slik at vi kontinuerlig kan optimalisere og m\u00e5lrette nettsiden til dine behov og interesser. Informasjonskapsler husker for eksempel hva du har lagt i en eventuell handlekurv, om du tidligere har bes\u00f8kt siden, om du er innlogget og hvilket spr\u00e5k og valuta du \u00f8nsker skal vises p\u00e5 nettsiden. Vi bruker ogs\u00e5 informasjonskapsler for \u00e5 m\u00e5lrette annonsene v\u00e5re mot deg p\u00e5 andre nettsteder. Samlet sett brukes derfor informasjonskapsler som en del av tjenesten v\u00e5r for \u00e5 vise innhold som er s\u00e5 relevant som mulig for deg. Her er oversikten over nettstedets bruk av informasjonskapsler, og v\u00e5re samarbeidspartnere i denne forbindelse:<\/p>\n<p>[\/vc_column_text][\/vc_column][\/vc_row][vc_row css_animation=&raquo;wd-slide-from-bottom&raquo; woodmart_css_id=&raquo;65d34cb9eef40&#8243; responsive_spacing=&raquo;eyJwYXJhbV90eXBlIjoid29vZG1hcnRfcmVzcG9uc2l2ZV9zcGFjaW5nIiwic2VsZWN0b3JfaWQiOiI2NWQzNGNiOWVlZjQwIiwic2hvcnRjb2RlIjoidmNfcm93IiwiZGF0YSI6eyJ0YWJsZXQiOnt9LCJtb2JpbGUiOnt9fX0=&raquo; mobile_bg_img_hidden=&raquo;no&raquo; tablet_bg_img_hidden=&raquo;no&raquo; woodmart_parallax=&raquo;0&#8243; woodmart_gradient_switch=&raquo;no&raquo; woodmart_box_shadow=&raquo;no&raquo; wd_z_index=&raquo;no&raquo; woodmart_disable_overflow=&raquo;0&#8243; row_reverse_mobile=&raquo;0&#8243; row_reverse_tablet=&raquo;0&#8243;][vc_column][vc_column_text woodmart_inline=&raquo;no&raquo; text_larger=&raquo;no&raquo;]<\/p>\n\n<p><strong>How to reject or delete your cookies<\/strong><br\/>Rejection of cookies: You can always reject cookies on your computer by changing the settings in your Internet browser. Where you find the settings depends on which browser you use. However, you should be aware that if you do so, there are many functions and services you cannot use, because these functions and services require the website to remember the choices you make.<br\/>You can opt out of cookies from Google Analytics here.<br\/>It is possible to opt out of some ad networks that share information across different networks here.<\/p>\n<p><strong>Deleting cookies:<\/strong> Cookies that you have previously accepted can subsequently be deleted easily. If you use a PC\/computer with a newer Internet browser, you can delete your cookies by using the shortcut keys:<br\/>CTRL + SHIFT + Delete. If the hotkeys do not work and\/or you are using a MAC, you must start by finding out which browser you are using and then click on the relevant link:<br\/>Remember: If you use several Internet browsers, you must delete cookies in all of them.<br\/>Internet Explorer<br\/>Mozilla Firefox<br\/>Google Chrome<br\/>Opera<br\/>Safari<br\/>Flash cookies (all browsers)<br\/>iPhone, iPad and more from Apple<br\/>Phones with Android operating system<br\/>Phones with Windows 7<br\/>Remember: If you use several Internet browsers, you must delete cookies in all of them.<\/p>\n<p><strong>Do you have questions?<\/strong><br\/>If you have comments or questions in connection with our information and\/or processing of personal information, please feel free to contact us. The cookie declaration itself is provided by Cookie Information and if you have any questions about it, write to info@cookieinformation.dk.<\/p>\n<p>[\/vc_column_text][\/vc_column][\/vc_row]<\/p>\n<\/div>","protected":false},"excerpt":{"rendered":"<p>[vc_row][vc_column css=&raquo;.vc_custom_1708346708006{margin-top: 30px !important;}&raquo; woodmart_css_id=&raquo;65d34d471d0d1&#8243; parallax_scroll=&raquo;no&raquo; woodmart_sticky_column=&raquo;false&raquo; wd_collapsible_content_switcher=&raquo;no&raquo; wd_column_role_offcanvas_desktop=&raquo;no&raquo; wd_column_role_offcanvas_tablet=&raquo;no&raquo; wd_column_role_offcanvas_mobile=&raquo;no&raquo; wd_column_role_content_desktop=&raquo;no&raquo; wd_column_role_content_tablet=&raquo;no&raquo; wd_column_role_content_mobile=&raquo;no&raquo; mobile_bg_img_hidden=&raquo;no&raquo; tablet_bg_img_hidden=&raquo;no&raquo; woodmart_parallax=&raquo;0&#8243; woodmart_box_shadow=&raquo;no&raquo; responsive_spacing=&raquo;eyJwYXJhbV90eXBlIjoid29vZG1hcnRfcmVzcG9uc2l2ZV9zcGFjaW5nIiwic2VsZWN0b3JfaWQiOiI2NWQzNGQ0NzFkMGQxIiwic2hvcnRjb2RlIjoidmNfY29sdW1uIiwiZGF0YSI6eyJ0YWJsZXQiOnt9LCJtb2JpbGUiOnt9fX0=&raquo; mobile_reset_margin=&raquo;no&raquo;<\/p>\n","protected":false},"author":1,"featured_media":0,"parent":0,"menu_order":0,"comment_status":"closed","ping_status":"closed","template":"","meta":{"footnotes":""},"class_list":["post-13824","page","type-page","status-publish","hentry"],"_links":{"self":[{"href":"https:\/\/usefizzy.com\/no\/wp-json\/wp\/v2\/pages\/13824","targetHints":{"allow":["GET"]}}],"collection":[{"href":"https:\/\/usefizzy.com\/no\/wp-json\/wp\/v2\/pages"}],"about":[{"href":"https:\/\/usefizzy.com\/no\/wp-json\/wp\/v2\/types\/page"}],"author":[{"embeddable":true,"href":"https:\/\/usefizzy.com\/no\/wp-json\/wp\/v2\/users\/1"}],"replies":[{"embeddable":true,"href":"https:\/\/usefizzy.com\/no\/wp-json\/wp\/v2\/comments?post=13824"}],"version-history":[{"count":0,"href":"https:\/\/usefizzy.com\/no\/wp-json\/wp\/v2\/pages\/13824\/revisions"}],"wp:attachment":[{"href":"https:\/\/usefizzy.com\/no\/wp-json\/wp\/v2\/media?parent=13824"}],"curies":[{"name":"wp","href":"https:\/\/api.w.org\/{rel}","templated":true}]}}